{"id":669,"date":"2012-04-24T19:33:50","date_gmt":"2012-04-24T19:33:50","guid":{"rendered":"http:\/\/dev.aladdinbailbonds.com\/?page_id=669"},"modified":"2015-05-18T14:11:59","modified_gmt":"2015-05-18T21:11:59","slug":"nuestras-sucursales","status":"publish","type":"page","link":"https:\/\/www.aladdinbailbonds.com\/es\/nuestras-sucursales\/","title":{"rendered":"Localiza a un Fiador"},"content":{"rendered":"<p>La compa\u00f1\u00eda proveedora de fianzas Aladdin Bail Bonds cuenta con m\u00e1s de 50 oficinas de fianzas en los estados de California, Washington, Idaho, Nevada y Utah. Para encontrar una oficina cerca de usted, use nuestro mapa interactivo o ll\u00e1menos al (866) 512-2245.<br \/>\n<code><!--\nStart of DoubleClick Floodlight Tag: Please do not remove\nActivity name of this tag: Office Locations Page-Spanish\nURL of the webpage where the tag is expected to be placed: http:\/\/www.aladdinbailbonds.com\/es\/nuestras-sucursales\/\nThis tag must be placed between the <body> and <\/body> tags, as close as possible to the opening tag.\nCreation Date: 04\/30\/2013\n--><br \/>\n<script type=\"text\/javascript\">\/\/ <![CDATA[\nvar axel = Math.random() + \"\";\nvar a = axel * 10000000000000;\ndocument.write('<iframe loading=\"lazy\" src=\"http:\/\/4017461.fls.doubleclick.net\/activityi;src=4017461;type=aladd870;cat=offic909;ord=' + a + '?\" width=\"1\" height=\"1\" frameborder=\"0\" style=\"display:none\"><\/iframe>');\n\/\/ ]]><\/script><br \/>\n<noscript><br \/>\n<iframe loading=\"lazy\" src=\"http:\/\/4017461.fls.doubleclick.net\/activityi;src=4017461;type=aladd870;cat=offic909;ord=1?\" width=\"1\" height=\"1\" frameborder=\"0\" style=\"display:none\"><\/iframe><br \/>\n<\/noscript><br \/>\n<!-- End of DoubleClick Floodlight Tag: Please do not remove --><\/code><\/p>\n","protected":false},"excerpt":{"rendered":"<p>La compa\u00f1\u00eda proveedora de fianzas Aladdin Bail Bonds cuenta con m\u00e1s de 50 oficinas de fianzas en los estados de California, Washington, Idaho, Nevada y Utah. Para encontrar una oficina cerca de usted, use nuestro mapa interactivo o ll\u00e1menos al &hellip; <a href=\"https:\/\/www.aladdinbailbonds.com\/es\/nuestras-sucursales\/\">Continue reading <span class=\"meta-nav\">&rarr;<\/span><\/a><\/p>\n","protected":false},"author":27,"featured_media":0,"parent":0,"menu_order":3,"comment_status":"closed","ping_status":"closed","template":"","meta":{"_acf_changed":false,"footnotes":""},"class_list":["post-669","page","type-page","status-publish","hentry"],"acf":[],"aioseo_notices":[],"_links":{"self":[{"href":"https:\/\/www.aladdinbailbonds.com\/es\/wp-json\/wp\/v2\/pages\/669","targetHints":{"allow":["GET"]}}],"collection":[{"href":"https:\/\/www.aladdinbailbonds.com\/es\/wp-json\/wp\/v2\/pages"}],"about":[{"href":"https:\/\/www.aladdinbailbonds.com\/es\/wp-json\/wp\/v2\/types\/page"}],"author":[{"embeddable":true,"href":"https:\/\/www.aladdinbailbonds.com\/es\/wp-json\/wp\/v2\/users\/27"}],"replies":[{"embeddable":true,"href":"https:\/\/www.aladdinbailbonds.com\/es\/wp-json\/wp\/v2\/comments?post=669"}],"version-history":[{"count":0,"href":"https:\/\/www.aladdinbailbonds.com\/es\/wp-json\/wp\/v2\/pages\/669\/revisions"}],"wp:attachment":[{"href":"https:\/\/www.aladdinbailbonds.com\/es\/wp-json\/wp\/v2\/media?parent=669"}],"curies":[{"name":"wp","href":"https:\/\/api.w.org\/{rel}","templated":true}]}}