{"id":3038,"date":"2020-02-03T11:45:18","date_gmt":"2020-02-03T19:45:18","guid":{"rendered":"https:\/\/www.aladdinbailbonds.com\/es\/?page_id=3038"},"modified":"2020-02-03T14:07:36","modified_gmt":"2020-02-03T22:07:36","slug":"proceso-y-precios","status":"publish","type":"page","link":"https:\/\/www.aladdinbailbonds.com\/es\/proceso-y-precios\/","title":{"rendered":"Proceso y Precios"},"content":{"rendered":"<div id='av_section_1' class='avia-section main_color avia-section-no-padding avia-no-border-styling avia-bg-style-scroll  avia-builder-el-0  el_before_av_section  avia-builder-el-first  section hero  container_wrap sidebar_right' style='background-repeat: no-repeat; background-image: url(https:\/\/www.aladdinbailbonds.com\/wp-content\/uploads\/2015\/10\/GettyImages-554370389.jpg);background-attachment: scroll; background-position: center center;  '  data-section-bg-repeat='no-repeat'><div class='container' ><main  role=\"main\" itemprop=\"mainContentOfPage\"  class='template-page content  av-content-small alpha units'><div class='post-entry post-entry-type-page post-entry-3038'><div class='entry-content-wrapper clearfix'>\n<section class=\"av_textblock_section \"  itemscope=\"itemscope\" itemtype=\"https:\/\/schema.org\/CreativeWork\" ><div class='avia_textblock  '   itemprop=\"text\" >\n<\/div><\/section>\n<section class=\"av_textblock_section \"  itemscope=\"itemscope\" itemtype=\"https:\/\/schema.org\/CreativeWork\" ><div class='avia_textblock  '   itemprop=\"text\" >\n<\/div><\/section>\n<section class=\"av_textblock_section \"  itemscope=\"itemscope\" itemtype=\"https:\/\/schema.org\/CreativeWork\" ><div class='avia_textblock description '  style='font-size:14px; '  itemprop=\"text\" ><h6><\/h6>\n<\/div><\/section>\n<section class=\"av_textblock_section \"  itemscope=\"itemscope\" itemtype=\"https:\/\/schema.org\/CreativeWork\" ><div class='avia_textblock hero-arrow '  style='font-size:14px; '  itemprop=\"text\" >\n<\/div><\/section>\n<\/div><\/div><\/main><!-- close content main element --><\/div><\/div><div id='av_section_2' class='avia-section main_color avia-section-no-padding avia-no-border-styling avia-bg-style-scroll  avia-builder-el-5  el_after_av_section  el_before_av_section  section process-touts  container_wrap sidebar_right' style=' '  ><div class='container' ><div class='template-page content  av-content-small alpha units'><div class='post-entry post-entry-type-page post-entry-3038'><div class='entry-content-wrapper clearfix'>\n<div style='padding-bottom:0px; ' class='av-special-heading av-special-heading-h2  blockquote modern-quote modern-centered  avia-builder-el-6  el_before_av_one_half  avia-builder-el-first   '><h2 class='av-special-heading-tag '  itemprop=\"headline\"  >Procedimientos de Fianza<\/h2><div class ='av-subheading av-subheading_below  ' style='font-size:15px;'><p>Los tres pasos a continuaci\u00f3n proporcionan informaci\u00f3n detallada sobre c\u00f3mo funciona el proceso de fianza.<\/p>\n<\/div><div class='special-heading-border'><div class='special-heading-inner-border' ><\/div><\/div><\/div>\n<div class=\"flex_column av_one_half  flex_column_div av-zero-column-padding first  avia-builder-el-7  el_after_av_heading  el_before_av_one_half  text \" style='border-radius:0px; '><div style='padding-bottom:0px; ' class='av-special-heading av-special-heading-h3  blockquote modern-quote  avia-builder-el-8  avia-builder-el-no-sibling   '><h3 class='av-special-heading-tag '  itemprop=\"headline\"  >1. Monto de la fianza establecido por el tribunal<\/h3><div class ='av-subheading av-subheading_below  ' style='font-size:15px;'><p>Despu\u00e9s de un arresto, el tribunal fijar\u00e1 un monto de la fianza, que var\u00eda seg\u00fan los cargos, y otros factores contribuyentes.  Esto se hace como una forma de asegurarse de que el acusado aparezca en la fecha (o fechas) programadas en la corte, despu\u00e9s de su liberaci\u00f3n de la c\u00e1rcel.<\/p>\n<\/div><div class='special-heading-border'><div class='special-heading-inner-border' ><\/div><\/div><\/div><\/div><div class=\"flex_column av_one_half  flex_column_div av-zero-column-padding   avia-builder-el-9  el_after_av_one_half  el_before_av_one_half  image \" style='border-radius:0px; '><div class='avia-image-container  av-styling-    avia-builder-el-10  avia-builder-el-no-sibling   avia-align- '  itemprop=\"image\" itemscope=\"itemscope\" itemtype=\"https:\/\/schema.org\/ImageObject\"  ><div class='avia-image-container-inner'><div class='avia-image-overlay-wrap'><img class='avia_image' src='https:\/\/www.aladdinbailbonds.com\/wp-content\/uploads\/2015\/10\/bailamount.jpg' alt='' title='bailamount' height=\"210\" width=\"468\"  itemprop=\"thumbnailUrl\"  \/><\/div><\/div><\/div><\/div><div class=\"flex_column av_one_half  flex_column_div av-zero-column-padding first  avia-builder-el-11  el_after_av_one_half  el_before_av_one_half  image column-top-margin\" style='border-radius:0px; '><div class='avia-image-container  av-styling-    avia-builder-el-12  avia-builder-el-no-sibling   avia-align- '  itemprop=\"image\" itemscope=\"itemscope\" itemtype=\"https:\/\/schema.org\/ImageObject\"  ><div class='avia-image-container-inner'><div class='avia-image-overlay-wrap'><img class='avia_image' src='https:\/\/www.aladdinbailbonds.com\/wp-content\/uploads\/2015\/11\/538263549.jpg' alt='' title='538263549' height=\"338\" width=\"507\"  itemprop=\"thumbnailUrl\"  \/><\/div><\/div><\/div><\/div><div class=\"flex_column av_one_half  flex_column_div av-zero-column-padding   avia-builder-el-13  el_after_av_one_half  el_before_av_one_half  text column-top-margin\" style='border-radius:0px; '><div style='padding-bottom:0px; ' class='av-special-heading av-special-heading-h3  blockquote modern-quote  avia-builder-el-14  avia-builder-el-no-sibling   '><h3 class='av-special-heading-tag '  itemprop=\"headline\"  >2. P\u00f3ngase en contacto con Aladdin<\/h3><div class ='av-subheading av-subheading_below  ' style='font-size:15px;'><p>Despu\u00e9s de establecer el monto de la fianza, lo primero que debe hacer es comunicarse con Aladdin para obtener informaci\u00f3n gratuita sobre la fianza inicial. Pondremos nuestra experiencia a trabajar para usted de inmediato.  Simplemente br\u00edndenos informaci\u00f3n b\u00e1sica como el nombre del acusado, y el nombre de la c\u00e1rcel, o la ciudad donde se encuentran.<\/p>\n<\/div><div class='special-heading-border'><div class='special-heading-inner-border' ><\/div><\/div><\/div><\/div><div class=\"flex_column av_one_half  flex_column_div av-zero-column-padding first  avia-builder-el-15  el_after_av_one_half  el_before_av_one_half  text column-top-margin\" style='border-radius:0px; '><div style='padding-bottom:10px; ' class='av-special-heading av-special-heading-h3  blockquote modern-quote  avia-builder-el-16  avia-builder-el-no-sibling   '><h3 class='av-special-heading-tag '  itemprop=\"headline\"  >3. Lanzamiento de procesamiento y finalizaci\u00f3n<\/h3><div class ='av-subheading av-subheading_below  ' style='font-size:15px;'><p>Luego trabajamos con usted o su ser querido, y la c\u00e1rcel para asegurar su liberaci\u00f3n y segurar una emisi\u00f3n de fianza por el monto total de la fianza establecida por el tribunal.  Dependiendo de las circunstancias, se puede requerir una garant\u00eda o un codeudor.<\/p>\n<\/div><div class='special-heading-border'><div class='special-heading-inner-border' ><\/div><\/div><\/div><\/div><div class=\"flex_column av_one_half  flex_column_div av-zero-column-padding   avia-builder-el-17  el_after_av_one_half  avia-builder-el-last  image column-top-margin\" style='border-radius:0px; '><div class='avia-image-container  av-styling-    avia-builder-el-18  avia-builder-el-no-sibling   avia-align- '  itemprop=\"image\" itemscope=\"itemscope\" itemtype=\"https:\/\/schema.org\/ImageObject\"  ><div class='avia-image-container-inner'><div class='avia-image-overlay-wrap'><img class='avia_image' src='https:\/\/www.aladdinbailbonds.com\/wp-content\/uploads\/2015\/10\/securingrelease.jpg' alt='' title='securingrelease' height=\"210\" width=\"468\"  itemprop=\"thumbnailUrl\"  \/><\/div><\/div><\/div><\/div><\/div><\/div><\/div><!-- close content main div --><\/div><\/div><div id='av_section_3' class='avia-section main_color avia-section-no-padding avia-no-border-styling avia-bg-style-scroll  avia-builder-el-19  el_after_av_section  el_before_av_section  section process-touts grey  container_wrap sidebar_right' style=' '  ><div class='container' ><div class='template-page content  av-content-small alpha units'><div class='post-entry post-entry-type-page post-entry-3038'><div class='entry-content-wrapper clearfix'>\n<div style='padding-bottom:0px; ' class='av-special-heading av-special-heading-h2  blockquote modern-quote modern-centered  avia-builder-el-20  el_before_av_one_half  avia-builder-el-first   '><h2 class='av-special-heading-tag '  itemprop=\"headline\"  >Tasas de fianza y flexibilidad de pago<\/h2><div class ='av-subheading av-subheading_below  ' style='font-size:15px;'><p>Las tasas y tasas de fianza var\u00edan seg\u00fan los requisitos de su estado. Para ver informaci\u00f3n precisa sobre las tarifas, seleccione el estado anterior donde se encuentra el demandado.<\/p>\n<\/div><div class='special-heading-border'><div class='special-heading-inner-border' ><\/div><\/div><\/div>\n<div class=\"flex_column av_one_half  flex_column_div av-zero-column-padding first  avia-builder-el-21  el_after_av_heading  el_before_av_one_half  text \" style='border-radius:0px; '><div style='padding-bottom:0px; ' class='av-special-heading av-special-heading-h3  blockquote modern-quote  avia-builder-el-22  avia-builder-el-no-sibling   '><h3 class='av-special-heading-tag '  itemprop=\"headline\"  >Tarifa premium est\u00e1ndar de la industria<\/h3><div class ='av-subheading av-subheading_below  ' style='font-size:15px;'><p>Los bonos de hasta $ 499.00, incluido en el monto de la fianza se cobrar\u00e1n $ 50.00, m\u00e1s $ 15.00. Los bonos de m\u00e1s de $ 499.00, en el monto de la fianza se cobrar\u00e1n el 10% del monto de la fianza, m\u00e1s $ 15.00.  Se aplica un cargo premium m\u00ednimo de $ 50.00 por bono. Los $ 15.00 no deben incluirse en el c\u00e1lculo de la prima m\u00ednima.<\/p>\n<\/div><div class='special-heading-border'><div class='special-heading-inner-border' ><\/div><\/div><\/div><\/div><div class=\"flex_column av_one_half  flex_column_div av-zero-column-padding   avia-builder-el-23  el_after_av_one_half  el_before_av_one_half  image \" style='border-radius:0px; '><div class='avia-image-container  av-styling-    avia-builder-el-24  avia-builder-el-no-sibling   avia-align- '  itemprop=\"image\" itemscope=\"itemscope\" itemtype=\"https:\/\/schema.org\/ImageObject\"  ><div class='avia-image-container-inner'><div class='avia-image-overlay-wrap'><img class='avia_image' src='https:\/\/www.aladdinbailbonds.com\/wp-content\/uploads\/2015\/10\/GettyImages-5356544532.jpg' alt='' title='GettyImages-535654453' height=\"1000\" width=\"1500\"  itemprop=\"thumbnailUrl\"  \/><\/div><\/div><\/div><\/div><div class=\"flex_column av_one_half  flex_column_div av-zero-column-padding first  avia-builder-el-25  el_after_av_one_half  el_before_av_one_half  image column-top-margin\" style='border-radius:0px; '><div class='avia-image-container  av-styling-    avia-builder-el-26  avia-builder-el-no-sibling   avia-align- '  itemprop=\"image\" itemscope=\"itemscope\" itemtype=\"https:\/\/schema.org\/ImageObject\"  ><div class='avia-image-container-inner'><div class='avia-image-overlay-wrap'><img class='avia_image' src='https:\/\/www.aladdinbailbonds.com\/wp-content\/uploads\/2015\/10\/GettyImages-103919678.jpg' alt='' title='GettyImages-103919678' height=\"1200\" width=\"1800\"  itemprop=\"thumbnailUrl\"  \/><\/div><\/div><\/div><\/div><div class=\"flex_column av_one_half  flex_column_div av-zero-column-padding   avia-builder-el-27  el_after_av_one_half  el_before_av_one_half  text column-top-margin\" style='border-radius:0px; '><div style='padding-bottom:0px; ' class='av-special-heading av-special-heading-h3  blockquote modern-quote  avia-builder-el-28  avia-builder-el-no-sibling   '><h3 class='av-special-heading-tag '  itemprop=\"headline\"  >Tarifa con descuento para aquellos que califican<\/h3><div class ='av-subheading av-subheading_below  ' style='font-size:15px;'><p>Aladdin est\u00e1 autorizado a ofrecer una tarifa premium con descuento a aquellos que califican en California, Idaho y Washington como:<\/p>\n<p>\u2022\tMiembros de sindicatos calificados<br \/>\n\u2022\tDemandados con abogados de defensa privada retenidos<br \/>\n\u2022\tMiembros en servicio active, y veteranos de las Fuerzas Armadas Militares de los Estados Unidos, y sus familiares inmediatos.<br \/>\nSe aplica un cargo m\u00ednimo de prima de $ 50.00 por bono. Los $ 15.00 no deben incluirse en el c\u00e1lculo de la tasa de prima m\u00ednima.<\/p>\n<p>* Las tarifas con descuento no se aplican en Nevada, Nuevo M\u00e9xico y Utah.<\/p>\n<\/div><div class='special-heading-border'><div class='special-heading-inner-border' ><\/div><\/div><\/div><\/div><div class=\"flex_column av_one_half  flex_column_div av-zero-column-padding first  avia-builder-el-29  el_after_av_one_half  el_before_av_one_half  text column-top-margin\" style='border-radius:0px; '><div style='padding-bottom:0px; ' class='av-special-heading av-special-heading-h3  blockquote modern-quote  avia-builder-el-30  avia-builder-el-no-sibling   '><h3 class='av-special-heading-tag '  itemprop=\"headline\"  >Planes de pago flexibles<\/h3><div class ='av-subheading av-subheading_below  ' style='font-size:15px;'><p>Aladdin Bail Bonds ofrece planes de pago flexibles para aquellos que califican. Independientemente de la tarifa aplicada, adaptamos cada plan de pago para que se ajuste mejor a su situaci\u00f3n financiera, o la de su ser querido.  Nuestro objetivo personal es crear una soluci\u00f3n asequible para quienes necesitan libertad bajo fianza.<\/p>\n<p>* Las tarifas no incluyen ciertos costos o tarifas que pueden ser cobrados por agencias gubernamentales locales o estatales, o autorizadas por la ley.<\/p>\n<\/div><div class='special-heading-border'><div class='special-heading-inner-border' ><\/div><\/div><\/div><\/div><div class=\"flex_column av_one_half  flex_column_div av-zero-column-padding   avia-builder-el-31  el_after_av_one_half  avia-builder-el-last  image column-top-margin\" style='border-radius:0px; '><div class='avia-image-container  av-styling-    avia-builder-el-32  avia-builder-el-no-sibling   avia-align- '  itemprop=\"image\" itemscope=\"itemscope\" itemtype=\"https:\/\/schema.org\/ImageObject\"  ><div class='avia-image-container-inner'><div class='avia-image-overlay-wrap'><img class='avia_image' src='https:\/\/www.aladdinbailbonds.com\/wp-content\/uploads\/2015\/10\/GettyImages-513066367.jpg' alt='' title='GettyImages-513066367' height=\"1000\" width=\"1500\"  itemprop=\"thumbnailUrl\"  \/><\/div><\/div><\/div><\/div><\/div><\/div><\/div><!-- close content main div --><\/div><\/div><div id='av_section_4' class='avia-section main_color avia-section-no-padding avia-no-border-styling avia-bg-style-scroll  avia-builder-el-33  el_after_av_section  avia-builder-el-last  section get-started  container_wrap sidebar_right' style='background-repeat: no-repeat; background-image: url(https:\/\/www.aladdinbailbonds.com\/wp-content\/uploads\/2015\/10\/GettyImages-478167157.jpg);background-attachment: scroll; background-position: top center;  '  data-section-bg-repeat='no-repeat'><div class='container' ><div class='template-page content  av-content-small alpha units'><div class='post-entry post-entry-type-page post-entry-3038'><div class='entry-content-wrapper clearfix'>\n<div style='padding-bottom:0px; ' class='av-special-heading av-special-heading-h1  blockquote modern-quote modern-centered  avia-builder-el-34  el_before_av_textblock  avia-builder-el-first   '><h1 class='av-special-heading-tag '  itemprop=\"headline\"  >Comience gratis ahora<\/h1><div class='special-heading-border'><div class='special-heading-inner-border' ><\/div><\/div><\/div>\n<section class=\"av_textblock_section \"  itemscope=\"itemscope\" itemtype=\"https:\/\/schema.org\/CreativeWork\" ><div class='avia_textblock  '   itemprop=\"text\" ><p style=\"text-align: center;\"><\/p>\n<\/div><\/section>\n<\/div><\/div><\/div><!-- close content main div --><\/div><\/div><div id='after_section_4' class='main_color av_default_container_wrap container_wrap sidebar_right' style=' '  ><div class='container' ><div class='template-page content  av-content-small alpha units'><div class='post-entry post-entry-type-page post-entry-3038'><div class='entry-content-wrapper clearfix'><\/p>\n","protected":false},"excerpt":{"rendered":"","protected":false},"author":27,"featured_media":0,"parent":0,"menu_order":0,"comment_status":"closed","ping_status":"closed","template":"","meta":{"_acf_changed":false,"footnotes":""},"class_list":["post-3038","page","type-page","status-publish","hentry"],"acf":[],"aioseo_notices":[],"_links":{"self":[{"href":"https:\/\/www.aladdinbailbonds.com\/es\/wp-json\/wp\/v2\/pages\/3038","targetHints":{"allow":["GET"]}}],"collection":[{"href":"https:\/\/www.aladdinbailbonds.com\/es\/wp-json\/wp\/v2\/pages"}],"about":[{"href":"https:\/\/www.aladdinbailbonds.com\/es\/wp-json\/wp\/v2\/types\/page"}],"author":[{"embeddable":true,"href":"https:\/\/www.aladdinbailbonds.com\/es\/wp-json\/wp\/v2\/users\/27"}],"replies":[{"embeddable":true,"href":"https:\/\/www.aladdinbailbonds.com\/es\/wp-json\/wp\/v2\/comments?post=3038"}],"version-history":[{"count":0,"href":"https:\/\/www.aladdinbailbonds.com\/es\/wp-json\/wp\/v2\/pages\/3038\/revisions"}],"wp:attachment":[{"href":"https:\/\/www.aladdinbailbonds.com\/es\/wp-json\/wp\/v2\/media?parent=3038"}],"curies":[{"name":"wp","href":"https:\/\/api.w.org\/{rel}","templated":true}]}}