{"id":243,"date":"2011-12-06T22:04:51","date_gmt":"2011-12-06T22:04:51","guid":{"rendered":"http:\/\/dev.aladdinbailbonds.com\/?page_id=243"},"modified":"2013-08-01T19:12:00","modified_gmt":"2013-08-02T02:12:00","slug":"testimoniales","status":"publish","type":"page","link":"https:\/\/www.aladdinbailbonds.com\/es\/quienes-somos\/testimoniales\/","title":{"rendered":"Testimoniales"},"content":{"rendered":"<p>\u00abPor favor exprese mi total gratitud a la oficina de Redwood City, CA. La eficiencia con la que los empleados (de Aladdin) manejaron mi caso fue asombrosa. Fueron muy comprensivos e hicieron hasta lo imposible para ayudarme cuando m\u00e1s lo necesitaba. Yo recomiendo los servicio de Aladdin por su profesionalismo, eficiencia y servicio al cliente, por sobre cualquiera otra agencia de fianzas al que necesite estos servicios.\u00bb<\/p>\n<p><em>&#8211; Cliente de la Oficina de Redwood<\/em><\/p>\n<p>\u00abHay muy pocas personas en el mundo que se toman el tiempo para escuchar y entender las situaciones que se presentan en la vida de otros. Mi familia y yo estamos felices de saber que Aladdin es parte de este grupo.\u00bb<\/p>\n<p><em>&#8211; Cliente de la oficina de San Jose<\/em><\/p>\n<p>\u00abAladdin dise\u00f1\u00f3 un plan de pagos que se ajusta a mi presupuesto. Todas las dem\u00e1s oficinas a las que llam\u00e9 quer\u00edan pago en efectivo y no estaban dispuestas a darme un plan de cr\u00e9dito. Se les perdi\u00f3 la compasi\u00f3n por alg\u00fan lado. Afortunadamente para mi familia y para m\u00ed, Aladdin no la ha perdido.\u00bb<\/p>\n<p><em>-Cliente de la oficina de San Jose<\/em><\/p>\n<p>\u00abNunca nos imaginamos que alguna vez tendr\u00edamos que utilizar el servicio de una compa\u00f1\u00eda de fianzas, pero cuando nos vimos en esa situaci\u00f3n, Aladdin nos mostr\u00f3 el verdadero significado del servicio al cliente y el compromiso con la misi\u00f3n que gu\u00eda a la empresa.\u00bb<\/p>\n<p><em>&#8211; Cliente de la oficina de Oakland<\/em><\/p>\n<p>\u00abDurante todo el tiempo que dur\u00f3 este proceso Aladdin fue cort\u00e9s, honesto y nos ayud\u00f3 a mantenernos positivos. Su experiencia en el ramo y sus contactos ayudaron a mi familia tremendamente. La disponibilidad y claridad de sus representantes, sin importar la hora o las dudas que fueran, siempre fue inmediata.\u00bb<\/p>\n<p><em>&#8211; Cliente de la oficina de Oakland<\/em><\/p>\n<p>\u00abEn momentos como este (requerir una fianza), lo que menos necesitas es una actitud condescendiente de las personas que llevan tu caso. Los empleados de Aladdin me hicieron sentir mucho mejor respecto a la situaci\u00f3n en la que me encontraba y adem\u00e1s trataron con cari\u00f1o y respeto a mi ser querido que estaba en problemas.\u00bb<\/p>\n<p><em>&#8211; Cliente de la oficina de Fresno<\/em><\/p>\n<p>\u00abEl representante de Aladdin que me atendi\u00f3 se tom\u00f3 el tiempo necesario para mitigar todos los temores que ten\u00eda, me explic\u00f3 exactamente qu\u00e9 esperar y a donde ir. Si no hubiera sido por Aladdin, creo que no habr\u00eda podido lidiar con este suceso como lo hice.\u00bb<\/p>\n<p><em>&#8211; Cliente de la oficina de Eureka<\/em><\/p>\n<p>\u00abFui tratado con la mayor consideraci\u00f3n y cortes\u00eda por los empleados de Aladdin. Fueron extremadamente profesionales, generosos y acomedidos. Me llevaron de la mano para concluir con todo el proceso con el menor esfuerzo y estr\u00e9s.\u00bb<\/p>\n<p><em>&#8211; Cliente de la oficina de San Bernardino<\/em><\/p>\n<p>\u00abNo s\u00f3lo fueron sensibles a mis necesidades sino que tambi\u00e9n me brindaron un ambiente amistoso, de bienestar y no discriminatorio. Fueron claros y concisos para explicarme mis opciones. Hicieron mi experiencia mejor, a pesar de las circunstancias.\u00bb<\/p>\n<p><em>&#8211; Cliente de la oficina de Hanford<\/em><\/p>\n<p><code><!--\nStart of DoubleClick Floodlight Tag: Please do not remove\nActivity name of this tag: Testimonials Page-Spanish\nURL of the webpage where the tag is expected to be placed: http:\/\/www.aladdinbailbonds.com\/es\/quienes-somos\/testimoniales\/\nThis tag must be placed between the <body> and <\/body> tags, as close as possible to the opening tag.\nCreation Date: 04\/30\/2013\n--><br \/>\n<script type=\"text\/javascript\">\nvar axel = Math.random() + \"\";\nvar a = axel * 10000000000000;\ndocument.write('<iframe loading=\"lazy\" src=\"http:\/\/4017461.fls.doubleclick.net\/activityi;src=4017461;type=aladd870;cat=testi229;ord=' + a + '?\" width=\"1\" height=\"1\" frameborder=\"0\" style=\"display:none\"><\/iframe>');\n<\/script><br \/>\n<noscript><br \/>\n<iframe loading=\"lazy\" src=\"http:\/\/4017461.fls.doubleclick.net\/activityi;src=4017461;type=aladd870;cat=testi229;ord=1?\" width=\"1\" height=\"1\" frameborder=\"0\" style=\"display:none\"><\/iframe><br \/>\n<\/noscript><br \/>\n<!-- End of DoubleClick Floodlight Tag: Please do not remove --><\/code><\/p>\n","protected":false},"excerpt":{"rendered":"<p>\u00abPor favor exprese mi total gratitud a la oficina de Redwood City, CA. La eficiencia con la que los empleados (de Aladdin) manejaron mi caso fue asombrosa. Fueron muy comprensivos e hicieron hasta lo imposible para ayudarme cuando m\u00e1s lo &hellip; <a href=\"https:\/\/www.aladdinbailbonds.com\/es\/quienes-somos\/testimoniales\/\">Continue reading <span class=\"meta-nav\">&rarr;<\/span><\/a><\/p>\n","protected":false},"author":27,"featured_media":0,"parent":244,"menu_order":5,"comment_status":"closed","ping_status":"closed","template":"template_interior_form.php","meta":{"_acf_changed":false,"footnotes":""},"class_list":["post-243","page","type-page","status-publish","hentry"],"acf":[],"aioseo_notices":[],"_links":{"self":[{"href":"https:\/\/www.aladdinbailbonds.com\/es\/wp-json\/wp\/v2\/pages\/243","targetHints":{"allow":["GET"]}}],"collection":[{"href":"https:\/\/www.aladdinbailbonds.com\/es\/wp-json\/wp\/v2\/pages"}],"about":[{"href":"https:\/\/www.aladdinbailbonds.com\/es\/wp-json\/wp\/v2\/types\/page"}],"author":[{"embeddable":true,"href":"https:\/\/www.aladdinbailbonds.com\/es\/wp-json\/wp\/v2\/users\/27"}],"replies":[{"embeddable":true,"href":"https:\/\/www.aladdinbailbonds.com\/es\/wp-json\/wp\/v2\/comments?post=243"}],"version-history":[{"count":0,"href":"https:\/\/www.aladdinbailbonds.com\/es\/wp-json\/wp\/v2\/pages\/243\/revisions"}],"up":[{"embeddable":true,"href":"https:\/\/www.aladdinbailbonds.com\/es\/wp-json\/wp\/v2\/pages\/244"}],"wp:attachment":[{"href":"https:\/\/www.aladdinbailbonds.com\/es\/wp-json\/wp\/v2\/media?parent=243"}],"curies":[{"name":"wp","href":"https:\/\/api.w.org\/{rel}","templated":true}]}}