{"id":242,"date":"2011-12-06T22:04:45","date_gmt":"2011-12-07T06:04:45","guid":{"rendered":"http:\/\/dev.aladdinbailbonds.com\/?page_id=242"},"modified":"2019-12-10T13:54:01","modified_gmt":"2019-12-10T21:54:01","slug":"efectue-un-pago","status":"publish","type":"page","link":"https:\/\/www.aladdinbailbonds.com\/es\/efectue-un-pago\/","title":{"rendered":"Efectu\u00e9 un pago"},"content":{"rendered":"<div id='av_section_1' class='avia-section main_color avia-section-default avia-no-shadow avia-bg-style-scroll  avia-builder-el-0  avia-builder-el-no-sibling  legacy-page  container_wrap sidebar_right' style=' '  ><div class='container' ><main  role=\"main\" itemprop=\"mainContentOfPage\"  class='template-page content  av-content-small alpha units'><div class='post-entry post-entry-type-page post-entry-242'><div class='entry-content-wrapper clearfix'>\n<div style='padding-bottom:10px; ' class='av-special-heading av-special-heading-h1    avia-builder-el-1  el_before_av_textblock  avia-builder-el-first   '><h1 class='av-special-heading-tag '  itemprop=\"headline\"  >Efectu\u00e9 un pago<\/h1><div class='special-heading-border'><div class='special-heading-inner-border' ><\/div><\/div><\/div>\n<section class=\"av_textblock_section \"  itemscope=\"itemscope\" itemtype=\"https:\/\/schema.org\/CreativeWork\" ><div class='avia_textblock legacy-content '   itemprop=\"text\" ><h2>Pagos en L\u00ednea<\/h2>\n<p>Esta es la manera m\u00e1s sencilla y r\u00e1pida de efectuar su pago:<\/p>\n<ul>\n<li>Es gratuita.*<\/li>\n<li>Est\u00e1 disponible las 24 horas del d\u00eda.<\/li>\n<li>No se requiere registrarse.<\/li>\n<\/ul>\n<p><a href=\"https:\/\/paymentstwojinn.billmatrix.com\/Welcome.aspx\">Haga clic aqu\u00ed<\/a> para pagar con tarjeta de cr\u00e9dito, d\u00e9bito o cheque electr\u00f3nico. S\u00f3lo necesita su n\u00famero de cuenta y su N\u00famero de Identificaci\u00f3n Personal (PIN, por sus siglas en ingl\u00e9s).<\/p>\n<p><small>*Sujeto a tarifas por transacciones bancarias que apliquen a la tarjeta de cr\u00e9dito o d\u00e9bito del cliente.<\/small><\/p>\n<h2>Pagos por tel\u00e9fono<\/h2>\n<p><strong>Use el servicio automatizado<\/strong><br \/>\nLlame al <strong>(866) 543-7680<\/strong> para utilizar el servicio de pagos autom\u00e1ticos, a cualquier hora del d\u00eda o de la noche.<\/p>\n<p><strong>Hable con un Representante<\/strong><br \/>\nLlame al <strong>(800) 774-7452<\/strong> con un representante entrenado especialmente para auxiliarlo a efectuar un pago que se ajuste a sus circunstancias especiales. Puede utilizar su tarjeta de cr\u00e9dito, d\u00e9bito o cheque electr\u00f3nico. Tenga su n\u00famero de cuenta a la mano y su N\u00famero de Identificaci\u00f3n Personal (PIN, por sus siglas en ingl\u00e9s).<\/p>\n<h2>Pagos en Persona<\/h2>\n<p>Puede realizar sus pagos en persona en cualquiera de nuestras muchas sucursales. <a href=\"\/office-locations\/\">Haga clic aqu\u00ed<\/a> para encontrar la oficina m\u00e1s cercana a usted. Aceptamos cheques personales, Money Order y la mayor\u00eda de las tarjetas de cr\u00e9dito y d\u00e9bito.<\/p>\n<h2>Pagos por Correo<\/h2>\n<p>Se pueden efectuar pagos enviando un cheque o Money Order (por favor no env\u00ede efectivo) a la siguiente direcci\u00f3n:<\/p>\n<p>Aladdin Bail Bonds<br \/>\nPayment Processing Center<br \/>\nPO Box 2606<br \/>\nCarlsbad, CA 92011<\/p>\n<p><small>Los pagos ser\u00e1n procesados en un plazo de cinco d\u00edas h\u00e1biles una vez que se hayan recibido.<\/small><\/p>\n<\/div><\/section>\n<\/div><\/div><\/main><!-- close content main element --><\/div><\/div><div id='after_section_1' class='main_color av_default_container_wrap container_wrap sidebar_right' style=' '  ><div class='container' ><div class='template-page content  av-content-small alpha units'><div class='post-entry post-entry-type-page post-entry-242'><div class='entry-content-wrapper clearfix'>\n","protected":false},"excerpt":{"rendered":"","protected":false},"author":8,"featured_media":0,"parent":0,"menu_order":22,"comment_status":"closed","ping_status":"closed","template":"template-aladdin-new.php","meta":{"_acf_changed":false,"footnotes":""},"class_list":["post-242","page","type-page","status-publish","hentry"],"acf":[],"aioseo_notices":[],"_links":{"self":[{"href":"https:\/\/www.aladdinbailbonds.com\/es\/wp-json\/wp\/v2\/pages\/242","targetHints":{"allow":["GET"]}}],"collection":[{"href":"https:\/\/www.aladdinbailbonds.com\/es\/wp-json\/wp\/v2\/pages"}],"about":[{"href":"https:\/\/www.aladdinbailbonds.com\/es\/wp-json\/wp\/v2\/types\/page"}],"author":[{"embeddable":true,"href":"https:\/\/www.aladdinbailbonds.com\/es\/wp-json\/wp\/v2\/users\/8"}],"replies":[{"embeddable":true,"href":"https:\/\/www.aladdinbailbonds.com\/es\/wp-json\/wp\/v2\/comments?post=242"}],"version-history":[{"count":0,"href":"https:\/\/www.aladdinbailbonds.com\/es\/wp-json\/wp\/v2\/pages\/242\/revisions"}],"wp:attachment":[{"href":"https:\/\/www.aladdinbailbonds.com\/es\/wp-json\/wp\/v2\/media?parent=242"}],"curies":[{"name":"wp","href":"https:\/\/api.w.org\/{rel}","templated":true}]}}