{"id":241,"date":"2011-12-06T22:04:40","date_gmt":"2011-12-06T22:04:40","guid":{"rendered":"http:\/\/dev.aladdinbailbonds.com\/?page_id=241"},"modified":"2015-12-16T09:09:40","modified_gmt":"2015-12-16T17:09:40","slug":"sucursales","status":"publish","type":"page","link":"https:\/\/www.aladdinbailbonds.com\/es\/sucursales\/","title":{"rendered":"Oficinas de Fianza"},"content":{"rendered":"<p>En la compa\u00f1\u00eda proveedora de fianzas Aladdin Bail Bonds, nuestros agentes de fianzas est\u00e1n disponibles las 24 horas, 7 d\u00edas a la semana para sacarlo a usted y\/o a alg\u00fan ser querido de la c\u00e1rcel r\u00e1pidamente &#8211; nadie tiene precios m\u00e1s bajos en servicios de fianza.<\/p>\n<p>Aladdin Bail Bonds cuenta con m\u00e1s de 50 oficinas en los estados de Nevada, California, Washington, Idaho e Utah con oficinas de fianza convenientemente ubicadas en Las Vegas, Los \u00c1ngeles, San Diego, San Francisco, Sacramento, Seattle y Boise. Nuestras oficinas proporcionan ayuda tanto en ingl\u00e9s como en espa\u00f1ol con el proceso de fianzas.<\/p>\n<p>Para encontrar la oficina local de Aladdin Bail Bonds m\u00e1s cercana de usted, use nuestro mapa interactivo o llame al (866) 512-2245 para hablar con uno de nuestros confiables y experimentados agentes biling\u00fces de fianzas que lo atender\u00e1.<\/p>\n<p><a title=\"Sucursales\" href=\"\/nuestras-sucursales\/\">Todas las oficinas<\/a>.<\/p>\n","protected":false},"excerpt":{"rendered":"<p>En la compa\u00f1\u00eda proveedora de fianzas Aladdin Bail Bonds, nuestros agentes de fianzas est\u00e1n disponibles las 24 horas, 7 d\u00edas a la semana para sacarlo a usted y\/o a alg\u00fan ser querido de la c\u00e1rcel r\u00e1pidamente &#8211; nadie tiene precios &hellip; <a href=\"https:\/\/www.aladdinbailbonds.com\/es\/sucursales\/\">Continue reading <span class=\"meta-nav\">&rarr;<\/span><\/a><\/p>\n","protected":false},"author":27,"featured_media":0,"parent":0,"menu_order":3,"comment_status":"closed","ping_status":"closed","template":"template-aladdin-new.php","meta":{"_acf_changed":false,"footnotes":""},"class_list":["post-241","page","type-page","status-publish","hentry"],"acf":[],"aioseo_notices":[],"_links":{"self":[{"href":"https:\/\/www.aladdinbailbonds.com\/es\/wp-json\/wp\/v2\/pages\/241","targetHints":{"allow":["GET"]}}],"collection":[{"href":"https:\/\/www.aladdinbailbonds.com\/es\/wp-json\/wp\/v2\/pages"}],"about":[{"href":"https:\/\/www.aladdinbailbonds.com\/es\/wp-json\/wp\/v2\/types\/page"}],"author":[{"embeddable":true,"href":"https:\/\/www.aladdinbailbonds.com\/es\/wp-json\/wp\/v2\/users\/27"}],"replies":[{"embeddable":true,"href":"https:\/\/www.aladdinbailbonds.com\/es\/wp-json\/wp\/v2\/comments?post=241"}],"version-history":[{"count":0,"href":"https:\/\/www.aladdinbailbonds.com\/es\/wp-json\/wp\/v2\/pages\/241\/revisions"}],"wp:attachment":[{"href":"https:\/\/www.aladdinbailbonds.com\/es\/wp-json\/wp\/v2\/media?parent=241"}],"curies":[{"name":"wp","href":"https:\/\/api.w.org\/{rel}","templated":true}]}}