{"id":238,"date":"2011-12-06T22:04:22","date_gmt":"2011-12-06T22:04:22","guid":{"rendered":"http:\/\/dev.aladdinbailbonds.com\/?page_id=238"},"modified":"2015-12-17T20:11:24","modified_gmt":"2015-12-18T04:11:24","slug":"contactenos","status":"publish","type":"page","link":"https:\/\/www.aladdinbailbonds.com\/es\/contactenos\/","title":{"rendered":"Salga Pronto de la C\u00e1rcel"},"content":{"rendered":"<div id='av_section_1' class='avia-section main_color avia-section-default avia-no-shadow avia-bg-style-scroll  avia-builder-el-0  avia-builder-el-no-sibling  legacy-page  container_wrap sidebar_right' style=' '  ><div class='container' ><main  role=\"main\" itemprop=\"mainContentOfPage\"  class='template-page content  av-content-small alpha units'><div class='post-entry post-entry-type-page post-entry-238'><div class='entry-content-wrapper clearfix'>\n<div style='padding-bottom:10px; ' class='av-special-heading av-special-heading-h1    avia-builder-el-1  el_before_av_textblock  avia-builder-el-first   '><h1 class='av-special-heading-tag '  itemprop=\"headline\"  >Salga Pronto de la C\u00e1rcel<\/h1><div class='special-heading-border'><div class='special-heading-inner-border' ><\/div><\/div><\/div>\n<section class=\"av_textblock_section \"  itemscope=\"itemscope\" itemtype=\"https:\/\/schema.org\/CreativeWork\" ><div class='avia_textblock legacy-content '   itemprop=\"text\" ><p>En Aladdin ofrecemos el m\u00e1ximo nivel de servicio al cliente. No dude en llamarnos en cualquier momento para consultar dudas o expresar comentarios. Estamos a su disposici\u00f3n para ayudarle y siempre es un placer poder conversar con usted.<\/p>\n<p><strong>Informaci\u00f3n gratuita y confidencial sobre el proceso de fianzas las 24 horas del d\u00eda, los 7 d\u00edas de la semana:<\/strong><\/p>\n<h2 style=\"margin-bottom: 40px;\">Tel\u00e9fono: (866) 512-2245<\/h2>\n<h1>Oportunidades Laborales<\/h1>\n<p>En Aladdin Bail Bonds somos l\u00e9deres de la industria gracias a nuestro compromiso de brindar un excelente servicio al cliente en el momento en que m\u00e1s lo necesita. Buscamos a personas talentosas, activas y confiables que deseen desarrollarse en una industria en crecimiento. Crezca profesionalmente con la empresa m\u00e1s importante de su sector, con oportunidades de ascenso, beneficios generosos y un plan 401(k) completo.<\/p>\n<p>Env\u00e9enos un mensaje de correo electr\u00f3nico a <a href=\"mailto:stipps@twojinn.com\">stipps@twojinn.com<\/a> para obtener informaci\u00f3n sobre los puestos disponibles en este momento en los estados de California, Idaho y Washington.<\/p>\n<\/div><\/section>\n<\/div><\/div><\/main><!-- close content main element --><\/div><\/div><div id='after_section_1' class='main_color av_default_container_wrap container_wrap sidebar_right' style=' '  ><div class='container' ><div class='template-page content  av-content-small alpha units'><div class='post-entry post-entry-type-page post-entry-238'><div class='entry-content-wrapper clearfix'>\n","protected":false},"excerpt":{"rendered":"","protected":false},"author":8,"featured_media":0,"parent":0,"menu_order":21,"comment_status":"closed","ping_status":"closed","template":"template-aladdin-new.php","meta":{"_acf_changed":false,"footnotes":""},"class_list":["post-238","page","type-page","status-publish","hentry"],"acf":[],"aioseo_notices":[],"_links":{"self":[{"href":"https:\/\/www.aladdinbailbonds.com\/es\/wp-json\/wp\/v2\/pages\/238","targetHints":{"allow":["GET"]}}],"collection":[{"href":"https:\/\/www.aladdinbailbonds.com\/es\/wp-json\/wp\/v2\/pages"}],"about":[{"href":"https:\/\/www.aladdinbailbonds.com\/es\/wp-json\/wp\/v2\/types\/page"}],"author":[{"embeddable":true,"href":"https:\/\/www.aladdinbailbonds.com\/es\/wp-json\/wp\/v2\/users\/8"}],"replies":[{"embeddable":true,"href":"https:\/\/www.aladdinbailbonds.com\/es\/wp-json\/wp\/v2\/comments?post=238"}],"version-history":[{"count":0,"href":"https:\/\/www.aladdinbailbonds.com\/es\/wp-json\/wp\/v2\/pages\/238\/revisions"}],"wp:attachment":[{"href":"https:\/\/www.aladdinbailbonds.com\/es\/wp-json\/wp\/v2\/media?parent=238"}],"curies":[{"name":"wp","href":"https:\/\/api.w.org\/{rel}","templated":true}]}}