{"id":236,"date":"2011-12-06T22:04:05","date_gmt":"2011-12-06T22:04:05","guid":{"rendered":"http:\/\/dev.aladdinbailbonds.com\/?page_id=236"},"modified":"2013-06-06T11:06:05","modified_gmt":"2013-06-06T18:06:05","slug":"recursos-para-abogados","status":"publish","type":"page","link":"https:\/\/www.aladdinbailbonds.com\/es\/recursos-para-abogados\/","title":{"rendered":"Recursos de Fianzas para Abogados"},"content":{"rendered":"<p>Ofrecemos una tarifa del 8% a clientes representados por abogados. Como servicio de cortes\u00e9a, nos comunicamos con estos clientes antes y despu\u00eds de las audiencias, para recordarles las fechas de las citaciones. <\/p>\n<p>El hecho de que seamos la agencia m\u00e1s importante de California, Washington e Idaho nos brinda la posibilidad de pagar fianzas en todos estos estados en un plazo m\u00e9nimo. Tambi\u00edn prestamos servicios \u00e1giles de aprobaci\u00f3n de cauciones elevadas. Estas son s\u00f3lo algunas de las razones por las que somos la primera recomendaci\u00f3n de los abogados. <\/p>\n<p>Aladdin es la empresa a la que primero acuden los abogados. Si desea acceder a nuestros recursos para abogados, reg\u00e9strese a continuaci\u00f3n, o bien inicie sesi\u00f3n si ya es un usuario registrado. <\/p>\n<p>Si usted es un abogado en ejercicio y tiene alguna pregunta sobre Aladdin Bail Bonds o sobre nuestro sitio web, env\u00e9e un mensaje de correo electr\u00f3nico <a href=\"mailto:AladdinInfo@aladdinbailbonds.com\">AladdinInfo@aladdinbailbonds.com<\/a> o ll\u00e1menos al <strong>(800) 808-2245<\/strong>. <\/p>\n<p><code><!--\nStart of DoubleClick Floodlight Tag: Please do not remove\nActivity name of this tag: Attorney Resources Page-Spanish\nURL of the webpage where the tag is expected to be placed: http:\/\/www.aladdinbailbonds.com\/es\/recursos-para-abogados\/\nThis tag must be placed between the <body> and <\/body> tags, as close as possible to the opening tag.\nCreation Date: 04\/30\/2013\n--><br \/>\n<script type=\"text\/javascript\">\nvar axel = Math.random() + \"\";\nvar a = axel * 10000000000000;\ndocument.write('<iframe loading=\"lazy\" src=\"http:\/\/4017461.fls.doubleclick.net\/activityi;src=4017461;type=aladd870;cat=attor724;ord=' + a + '?\" width=\"1\" height=\"1\" frameborder=\"0\" style=\"display:none\"><\/iframe>');\n<\/script><br \/>\n<noscript><br \/>\n<iframe loading=\"lazy\" src=\"http:\/\/4017461.fls.doubleclick.net\/activityi;src=4017461;type=aladd870;cat=attor724;ord=1?\" width=\"1\" height=\"1\" frameborder=\"0\" style=\"display:none\"><\/iframe><br \/>\n<\/noscript><br \/>\n<!-- End of DoubleClick Floodlight Tag: Please do not remove --><\/p>\n<p><script type=\"text\/javascript\" id=\"DoubleClickFloodlightTag\">\n\/\/<![CDATA[\n\/\/ This function captures clicks on the Contact Us form\nfunction resourcesLawyersForm() {\n        var axel = Math.random()+\"\";\n        var a = axel * 10000000000000000;\n        var flDiv=document.body.appendChild(document.createElement(\"div\"));\n        flDiv.setAttribute(\"id\",\"DCLK_FLDiv1\");\n        flDiv.style.position=\"absolute\";\n        flDiv.style.top=\"0\";\n        flDiv.style.left=\"0\";\n        flDiv.style.width=\"1px\";\n        flDiv.style.height=\"1px\";\n        flDiv.style.display=\"none\";\n        stateBar = $('#text-4efcf0072c16e').val();\n        flDiv.innerHTML='<iframe loading=\"lazy\" id=\"DCLK_FLIframe1\" src=\"http:\/\/4017461.fls.doubleclick.net\/activityi;src=4017461;type=forms712;cat=attor964;u6='+stateBar+';ord=' + a + '?\" width=\"1\" height=\"1\" frameborder=\"0\" style=\"display:none\"><\/iframe>';\n}\n\/\/]]>\n<\/script><br \/>\n<\/code><\/p>\n","protected":false},"excerpt":{"rendered":"<p>Ofrecemos una tarifa del 8% a clientes representados por abogados. Como servicio de cortes\u00e9a, nos comunicamos con estos clientes antes y despu\u00eds de las audiencias, para recordarles las fechas de las citaciones. El hecho de que seamos la agencia m\u00e1s &hellip; <a href=\"https:\/\/www.aladdinbailbonds.com\/es\/recursos-para-abogados\/\">Continue reading <span class=\"meta-nav\">&rarr;<\/span><\/a><\/p>\n","protected":false},"author":27,"featured_media":0,"parent":0,"menu_order":20,"comment_status":"closed","ping_status":"closed","template":"template-aladdin-new.php","meta":{"_acf_changed":false,"footnotes":""},"class_list":["post-236","page","type-page","status-publish","hentry"],"acf":[],"aioseo_notices":[],"_links":{"self":[{"href":"https:\/\/www.aladdinbailbonds.com\/es\/wp-json\/wp\/v2\/pages\/236","targetHints":{"allow":["GET"]}}],"collection":[{"href":"https:\/\/www.aladdinbailbonds.com\/es\/wp-json\/wp\/v2\/pages"}],"about":[{"href":"https:\/\/www.aladdinbailbonds.com\/es\/wp-json\/wp\/v2\/types\/page"}],"author":[{"embeddable":true,"href":"https:\/\/www.aladdinbailbonds.com\/es\/wp-json\/wp\/v2\/users\/27"}],"replies":[{"embeddable":true,"href":"https:\/\/www.aladdinbailbonds.com\/es\/wp-json\/wp\/v2\/comments?post=236"}],"version-history":[{"count":0,"href":"https:\/\/www.aladdinbailbonds.com\/es\/wp-json\/wp\/v2\/pages\/236\/revisions"}],"wp:attachment":[{"href":"https:\/\/www.aladdinbailbonds.com\/es\/wp-json\/wp\/v2\/media?parent=236"}],"curies":[{"name":"wp","href":"https:\/\/api.w.org\/{rel}","templated":true}]}}