{"id":1260,"date":"2014-11-07T10:42:51","date_gmt":"2014-11-07T18:42:51","guid":{"rendered":"http:\/\/www.aladdinbailbonds.com\/?page_id=1260"},"modified":"2014-11-07T10:42:51","modified_gmt":"2014-11-07T18:42:51","slug":"8-cosas-que-usted-debe-saber-acerca-de-como-sacar-rapidamente-a-su-ser-querido-de-la-carcel","status":"publish","type":"page","link":"https:\/\/www.aladdinbailbonds.com\/es\/8-cosas-que-usted-debe-saber-acerca-de-como-sacar-rapidamente-a-su-ser-querido-de-la-carcel\/","title":{"rendered":"8 cosas que usted debe saber acerca de c\u00f3mo  sacar r\u00e1pidamente a su ser querido de la c\u00e1rcel"},"content":{"rendered":"<ol>\n<li><strong>Su ser querido puede salir de la c\u00e1rcel a\u00fan si tiene alguna dificultad financiera.<\/strong>Si su ser querido no tiene los medios econ\u00f3micos para pagar por adelantado toda la cantidad de la libertad bajo fianza, puede de todas maneras salir de la c\u00e1rcel con una fianza. Una fianza es una garant\u00eda financiera efectuada por un acusado para garantizar su comparecencia ante el tribunal hasta el final de su proceso judicial.<\/li>\n<li><strong>Usted puede sacar a su ser querido de la c\u00e1rcel a\u00fan si usted tiene alguna dificultad financiera.<\/strong>Si alguien en la c\u00e1rcel necesita que usted pague por su liberaci\u00f3n bajo fianza, pero no puede pagar toda la cantidad de la liberaci\u00f3n bajo fianza, de todas maneras puede sacar a su ser querido de la c\u00e1rcel usando una fianza. Una fianza le requerir\u00e1 que usted sea el aval o fiador que se responsabilice financieramente de los costos del servicio de usar una agencia de fianzas.<\/li>\n<li><strong>3. Una fianza puede ayudarlo a sacar a un ser querido de la c\u00e1rcel.<\/strong>Si usted o su ser querido se encuentra en la c\u00e1rcel, una fianza es una buena manera de sacarlo r\u00e1pidamente. Las fianzas son una garant\u00eda financiera o promesa efectuada por un acusado, o sus seres queridos, para garantizar su comparecencia ante la corte hasta el final de sus citas ante el tribunal.<\/li>\n<li><strong>El costo de la liberaci\u00f3n bajo fianza var\u00eda, pero la fianza puede ser usada para pagar por la liberaci\u00f3n en muchos tipos de cargos penales.<\/strong>Los cargos por la liberaci\u00f3n bajo fianza pueden variar sobre bases individuales. Si no tiene idea cu\u00e1nto puede costar la liberaci\u00f3n bajo fianza para un caso de manejar bajo la influencia del alcohol\/drogas (DUI), violencia dom\u00e9stica, robo u otros cargos penales, s\u00edrvase hablar con Aladdin Bail Bonds al (866) 512-2245 y uno de nuestros agentes de fianza capacitados de Aladdin lo ayudar\u00e1 a determinar los costos asociados con la liberaci\u00f3n bajo fianza.<\/li>\n<li><strong>Usted puede sacar a un ser querido de la c\u00e1rcel en s\u00e1bado, domingo o d\u00eda festivo.<\/strong>La mayor\u00eda de las c\u00e1rceles siempre est\u00e1n abiertas, a\u00fan en s\u00e1bados, domingos y d\u00edas festivos. Esto significa que usted o su ser querido puede pagar por la liberaci\u00f3n bajo fianza o que un agente presente la fianza a nombre de usted en cualquier momento.<\/li>\n<li><strong>Los agentes de fianzas est\u00e1n disponibles para ayudarlo a presentar la liberaci\u00f3n bajo fianza las 24 horas, 7 d\u00edas a la semana, y est\u00e1n ubicados en la mayor\u00eda de los estados.<\/strong>Si usted necesita una fianza, los agentes de fianzas de Aladdin est\u00e1n disponibles las 24 horas, 7 d\u00edas a la semana para ayudarlo a usted o a un ser querido a salir de la c\u00e1rcel r\u00e1pidamente. Tambi\u00e9n tenemos oficinas ubicadas en cuatro diferentes estados que incluyen Nevada, California, Idaho y Washington.<\/li>\n<li><strong>Usted puede sacar a su ser querido de la c\u00e1rcel a\u00fan si fue arrestado en un estado diferente.<\/strong>Si su ser querido fue arrestado en un estado diferente, inclusive puede sacarlo de la c\u00e1rcel llamando a un agente de fianzas para ayudar a liberarlo bajo fianza. Las oficinas de Aladdin Bail Bonds se encuentran ubicadas en 52 ciudades en cuatro estados diferentes, y nuestros agentes de fianza capacitados est\u00e1n disponibles las 24 horas, 7 d\u00edas a la semana.<\/li>\n<li><strong>Usted puede pagar por las primas de la fianza y otros cargos usando dinero en efectivo, cheque, giro postal o bancario, tarjeta de d\u00e9bito o tarjeta de cr\u00e9dito.<\/strong>En Aladdin Bail Bonds, ofrecemos muchas opciones de pago para su liberaci\u00f3n bajo fianza. Tambi\u00e9n ofrecemos c\u00f3modos planes de pago. Llame hoy mismo a Aladdin Bail Bonds al (866) 512-2245 para obtener mayor informaci\u00f3n.<\/li>\n<\/ol>\n","protected":false},"excerpt":{"rendered":"<p>Su ser querido puede salir de la c\u00e1rcel a\u00fan si tiene alguna dificultad financiera.Si su ser querido no tiene los medios econ\u00f3micos para pagar por adelantado toda la cantidad de la libertad bajo fianza, puede de todas maneras salir de &hellip; <a href=\"https:\/\/www.aladdinbailbonds.com\/es\/8-cosas-que-usted-debe-saber-acerca-de-como-sacar-rapidamente-a-su-ser-querido-de-la-carcel\/\">Continue reading <span class=\"meta-nav\">&rarr;<\/span><\/a><\/p>\n","protected":false},"author":8,"featured_media":0,"parent":0,"menu_order":2,"comment_status":"closed","ping_status":"closed","template":"template_interior_form.php","meta":{"_acf_changed":false,"footnotes":""},"class_list":["post-1260","page","type-page","status-publish","hentry"],"acf":[],"aioseo_notices":[],"_links":{"self":[{"href":"https:\/\/www.aladdinbailbonds.com\/es\/wp-json\/wp\/v2\/pages\/1260","targetHints":{"allow":["GET"]}}],"collection":[{"href":"https:\/\/www.aladdinbailbonds.com\/es\/wp-json\/wp\/v2\/pages"}],"about":[{"href":"https:\/\/www.aladdinbailbonds.com\/es\/wp-json\/wp\/v2\/types\/page"}],"author":[{"embeddable":true,"href":"https:\/\/www.aladdinbailbonds.com\/es\/wp-json\/wp\/v2\/users\/8"}],"replies":[{"embeddable":true,"href":"https:\/\/www.aladdinbailbonds.com\/es\/wp-json\/wp\/v2\/comments?post=1260"}],"version-history":[{"count":0,"href":"https:\/\/www.aladdinbailbonds.com\/es\/wp-json\/wp\/v2\/pages\/1260\/revisions"}],"wp:attachment":[{"href":"https:\/\/www.aladdinbailbonds.com\/es\/wp-json\/wp\/v2\/media?parent=1260"}],"curies":[{"name":"wp","href":"https:\/\/api.w.org\/{rel}","templated":true}]}}